{"id":6001,"date":"2026-02-25T19:02:14","date_gmt":"2026-02-25T19:02:14","guid":{"rendered":"https:\/\/hotelrestaurantiris.de\/?page_id=6001"},"modified":"2026-03-03T15:00:15","modified_gmt":"2026-03-03T15:00:15","slug":"kontakt","status":"publish","type":"page","link":"https:\/\/hotelrestaurantiris.de\/index.php\/kontakt\/","title":{"rendered":"Kontakt"},"content":{"rendered":"\n<div style=\"height:20px\" aria-hidden=\"true\" class=\"wp-block-spacer\"><\/div>\n\n\n\n<h2 class=\"wp-block-heading has-text-align-center has-custom-1-e-1-a-31-color has-text-color has-link-color has-cormorant-font-family wp-elements-afb53c959ac9cf2e5261dea6e7064460\">Wir freuen uns auf Ihre Nachricht<\/h2>\n\n\n\n<p class=\"has-text-align-center has-custom-1-e-1-a-31-color has-text-color has-link-color has-cormorant-font-family has-custom-1-font-size wp-elements-19d6868e005d360032c1ecda88ed26df wp-block-paragraph\">Haben Sie Fragen zu Ihrem Aufenthalt, m\u00f6chten ein Zimmer buchen oder einen Tisch reservieren?<br>Dann melden Sie sich gern bei uns.<\/p>\n\n\n\n<p class=\"has-text-align-center has-custom-1-e-1-a-31-color has-text-color has-link-color has-cormorant-font-family has-custom-1-font-size wp-elements-117eea6e5513b06016e8cc59c5821c9d wp-block-paragraph\">Als familiengef\u00fchrtes Haus legen wir gro\u00dfen Wert auf pers\u00f6nlichen Kontakt. Wir versuchen uns immer schnellstm\u00f6glich um Ihr Anliegen zu k\u00fcmmern, der sicherste und schnellste Weg ist allerdings per Telefon. <\/p>\n\n\n\n<p class=\"has-text-align-center has-custom-1-e-1-a-31-color has-text-color has-link-color has-cormorant-font-family has-custom-1-font-size wp-elements-0b09c48d16e3f1daed5aac54d3ddf0be wp-block-paragraph\">\ud83d\udcde <a href=\"tel:+4945517475\">045517475<\/a><\/p>\n\n\n\n<p class=\"has-text-align-center has-custom-1-e-1-a-31-color has-text-color has-link-color has-cormorant-font-family has-custom-1-font-size wp-elements-2fb8a44c61c8666b3fc7358c79d631d5 wp-block-paragraph\">Ganz gleich, ob es um besondere W\u00fcnsche, eine Familienfeier oder Ihre Gesch\u00e4ftsreise geht:<br>Wir nehmen uns Zeit f\u00fcr Sie.<\/p>\n\n\n\n<p class=\"has-text-align-center has-custom-1-e-1-a-31-color has-text-color has-link-color has-cormorant-font-family has-custom-1-font-size wp-elements-b06ff5b7e74eccb83aaf809f9a392733 wp-block-paragraph\">Wir freuen uns darauf, Sie bald im Hotel Restaurant Iris in Bad Segeberg willkommen zu hei\u00dfen.<\/p>\n\n\n\n<div class=\"wp-block-contact-form-7-contact-form-selector\">\n<div class=\"wpcf7 no-js\" id=\"wpcf7-f5296-o1\" lang=\"en-US\" dir=\"ltr\" data-wpcf7-id=\"5296\">\n<div class=\"screen-reader-response\"><p role=\"status\" aria-live=\"polite\" aria-atomic=\"true\"><\/p> <ul><\/ul><\/div>\n<form action=\"\/index.php\/wp-json\/wp\/v2\/pages\/6001#wpcf7-f5296-o1\" method=\"post\" class=\"wpcf7-form init\" aria-label=\"Contact form\" novalidate=\"novalidate\" data-status=\"init\">\n<fieldset class=\"hidden-fields-container\"><input type=\"hidden\" name=\"_wpcf7\" value=\"5296\" \/><input type=\"hidden\" name=\"_wpcf7_version\" value=\"6.1.5\" \/><input type=\"hidden\" name=\"_wpcf7_locale\" value=\"en_US\" \/><input type=\"hidden\" name=\"_wpcf7_unit_tag\" value=\"wpcf7-f5296-o1\" \/><input type=\"hidden\" name=\"_wpcf7_container_post\" value=\"0\" \/><input type=\"hidden\" name=\"_wpcf7_posted_data_hash\" value=\"\" \/>\n<\/fieldset>\n<p><label> Dein Name<br \/>\n<span class=\"wpcf7-form-control-wrap\" data-name=\"your-name\"><input size=\"40\" maxlength=\"400\" class=\"wpcf7-form-control wpcf7-text wpcf7-validates-as-required\" autocomplete=\"name\" aria-required=\"true\" aria-invalid=\"false\" value=\"\" type=\"text\" name=\"your-name\" \/><\/span> <\/label>\n<\/p>\n<p><label> Deine E-Mail<br \/>\n<span class=\"wpcf7-form-control-wrap\" data-name=\"your-email\"><input size=\"40\" maxlength=\"400\" class=\"wpcf7-form-control wpcf7-email wpcf7-validates-as-required wpcf7-text wpcf7-validates-as-email\" autocomplete=\"email\" aria-required=\"true\" aria-invalid=\"false\" value=\"\" type=\"email\" name=\"your-email\" \/><\/span> <\/label>\n<\/p>\n<p><label> Betreff<br \/>\n<span class=\"wpcf7-form-control-wrap\" data-name=\"your-subject\"><input size=\"40\" maxlength=\"400\" class=\"wpcf7-form-control wpcf7-text wpcf7-validates-as-required\" aria-required=\"true\" aria-invalid=\"false\" value=\"\" type=\"text\" name=\"your-subject\" \/><\/span> <\/label>\n<\/p>\n<p><label> Deine Nachricht (optional)<br \/>\n<span class=\"wpcf7-form-control-wrap\" data-name=\"your-message\"><textarea cols=\"40\" rows=\"10\" maxlength=\"2000\" class=\"wpcf7-form-control wpcf7-textarea\" aria-invalid=\"false\" name=\"your-message\"><\/textarea><\/span> <\/label>\n<\/p>\n<p><input class=\"wpcf7-form-control wpcf7-submit has-spinner\" type=\"submit\" value=\"Absenden\" \/>\n<\/p><p style=\"display: none !important;\" class=\"akismet-fields-container\" data-prefix=\"_wpcf7_ak_\"><label>&#916;<textarea name=\"_wpcf7_ak_hp_textarea\" cols=\"45\" rows=\"8\" maxlength=\"100\"><\/textarea><\/label><input type=\"hidden\" id=\"ak_js_1\" name=\"_wpcf7_ak_js\" value=\"46\"\/><script>document.getElementById( \"ak_js_1\" ).setAttribute( \"value\", ( new Date() ).getTime() );<\/script><\/p><div class=\"wpcf7-response-output\" aria-hidden=\"true\"><\/div>\n<\/form>\n<\/div>\n<\/div>\n\n\n\n<p class=\"wp-block-paragraph\"><\/p>\n","protected":false},"excerpt":{"rendered":"<p>Wir freuen uns auf Ihre Nachricht Haben Sie Fragen zu Ihrem Aufenthalt, m\u00f6chten ein Zimmer buchen oder einen Tisch reservieren?Dann melden Sie sich gern bei uns. Als familiengef\u00fchrtes Haus legen wir gro\u00dfen Wert auf pers\u00f6nlichen Kontakt. Wir versuchen uns immer schnellstm\u00f6glich um Ihr Anliegen zu k\u00fcmmern, der sicherste und schnellste Weg ist allerdings per Telefon. [&hellip;]<\/p>\n","protected":false},"author":4,"featured_media":0,"parent":0,"menu_order":0,"comment_status":"closed","ping_status":"closed","template":"","meta":{"_crdt_document":"","advanced_seo_description":"","jetpack_seo_html_title":"","jetpack_seo_noindex":false,"footnotes":""},"class_list":["post-6001","page","type-page","status-publish","hentry"],"jetpack_shortlink":"https:\/\/wp.me\/Ph557Y-1yN","_links":{"self":[{"href":"https:\/\/hotelrestaurantiris.de\/index.php\/wp-json\/wp\/v2\/pages\/6001","targetHints":{"allow":["GET"]}}],"collection":[{"href":"https:\/\/hotelrestaurantiris.de\/index.php\/wp-json\/wp\/v2\/pages"}],"about":[{"href":"https:\/\/hotelrestaurantiris.de\/index.php\/wp-json\/wp\/v2\/types\/page"}],"author":[{"embeddable":true,"href":"https:\/\/hotelrestaurantiris.de\/index.php\/wp-json\/wp\/v2\/users\/4"}],"replies":[{"embeddable":true,"href":"https:\/\/hotelrestaurantiris.de\/index.php\/wp-json\/wp\/v2\/comments?post=6001"}],"version-history":[{"count":9,"href":"https:\/\/hotelrestaurantiris.de\/index.php\/wp-json\/wp\/v2\/pages\/6001\/revisions"}],"predecessor-version":[{"id":6102,"href":"https:\/\/hotelrestaurantiris.de\/index.php\/wp-json\/wp\/v2\/pages\/6001\/revisions\/6102"}],"wp:attachment":[{"href":"https:\/\/hotelrestaurantiris.de\/index.php\/wp-json\/wp\/v2\/media?parent=6001"}],"curies":[{"name":"wp","href":"https:\/\/api.w.org\/{rel}","templated":true}]}}