{"id":5979,"date":"2026-02-25T18:52:43","date_gmt":"2026-02-25T18:52:43","guid":{"rendered":"https:\/\/hotelrestaurantiris.de\/?page_id=5979"},"modified":"2026-03-03T15:03:06","modified_gmt":"2026-03-03T15:03:06","slug":"hotel-2","status":"publish","type":"page","link":"https:\/\/hotelrestaurantiris.de\/index.php\/hotel-2\/","title":{"rendered":"Unser Hotel"},"content":{"rendered":"\n<div style=\"height:50px\" aria-hidden=\"true\" class=\"wp-block-spacer\"><\/div>\n\n\n\n<figure class=\"wp-block-image alignwide size-full\"><img data-recalc-dims=\"1\" fetchpriority=\"high\" decoding=\"async\" width=\"1024\" height=\"768\" src=\"https:\/\/i0.wp.com\/hotelrestaurantiris.de\/wp-content\/uploads\/2024\/09\/hotel4.jpeg?resize=1024%2C768&#038;ssl=1\" alt=\"\" class=\"wp-image-5743\" srcset=\"https:\/\/i0.wp.com\/hotelrestaurantiris.de\/wp-content\/uploads\/2024\/09\/hotel4.jpeg?w=1024&amp;ssl=1 1024w, https:\/\/i0.wp.com\/hotelrestaurantiris.de\/wp-content\/uploads\/2024\/09\/hotel4.jpeg?resize=300%2C225&amp;ssl=1 300w, https:\/\/i0.wp.com\/hotelrestaurantiris.de\/wp-content\/uploads\/2024\/09\/hotel4.jpeg?resize=768%2C576&amp;ssl=1 768w\" sizes=\"(max-width: 1000px) 100vw, 1000px\" \/><\/figure>\n\n\n\n<h2 class=\"wp-block-heading has-text-align-center has-custom-1-e-1-a-31-color has-text-color has-link-color has-cormorant-font-family wp-elements-0b46994dd40fa90b00d605afa32ced85\">Ihr Zuhause auf Zeit in Bad Segeberg<\/h2>\n\n\n\n<p class=\"has-text-align-center has-custom-1-e-1-a-31-color has-text-color has-link-color has-cormorant-font-family has-custom-1-font-size wp-elements-b0ca3fc5fd698ce5a5ea8f8cbadf3561 wp-block-paragraph\">Manchmal braucht es nur einen Ort, an dem man sich sofort willkommen f\u00fchlt.<br>Ein gem\u00fctliches Zimmer. Ruhe nach einem langen Tag. Und das gute Gef\u00fchl, pers\u00f6nlich umsorgt zu werden.<\/p>\n\n\n\n<p class=\"has-text-align-center has-custom-1-e-1-a-31-color has-text-color has-link-color has-cormorant-font-family has-custom-1-font-size wp-elements-26b4881524fc03e706bcbf2e9a830004 wp-block-paragraph\">Genau das erwartet Sie bei uns im Hotel Restaurant Iris.<br>Als familiengef\u00fchrtes Haus legen wir gro\u00dfen Wert auf Herzlichkeit, Komfort und eine Atmosph\u00e4re, in der Sie einfach ankommen d\u00fcrfen \u2013 ob f\u00fcr ein entspanntes Wochenende, eine kleine Auszeit oder Ihre Gesch\u00e4ftsreise.<\/p>\n\n\n\n<p class=\"has-text-align-center has-custom-1-e-1-a-31-color has-text-color has-link-color has-cormorant-font-family has-custom-1-font-size wp-elements-328ad516cf2fb27a0b6c5b3c55974781 wp-block-paragraph\">Schauen Sie sich unsere Zimmer in Ruhe an und finden Sie Ihren pers\u00f6nlichen R\u00fcckzugsort.<\/p>\n\n\n\n<p class=\"has-text-align-center has-custom-1-e-1-a-31-color has-text-color has-link-color has-cormorant-font-family has-custom-1-font-size wp-elements-2c7a2989298ae9feb977199b40919e39 wp-block-paragraph\">Am sch\u00f6nsten beginnt Ihr Aufenthalt direkt bei uns:<\/p>\n\n\n\n<p class=\"has-text-align-center has-custom-1-e-1-a-31-color has-text-color has-link-color has-cormorant-font-family has-custom-1-font-size wp-elements-5f566c11b868ee9cac012afeb1d8b24c wp-block-paragraph\"><strong>Buchen Sie Ihr Zimmer direkt \u00fcber unsere Website und sichern Sie sich Ihre Auszeit in Bad Segeberg.<\/strong><\/p>\n\n\n\n<p class=\"has-text-align-center has-custom-1-e-1-a-31-color has-text-color has-link-color has-cormorant-font-family has-custom-1-font-size wp-elements-aac839a590eb15c7536ce119b9917864 wp-block-paragraph\">Wir freuen uns darauf, Sie bald pers\u00f6nlich willkommen zu hei\u00dfen.&nbsp;<\/p>\n\n\n\n<div class=\"wp-block-buttons is-layout-flex wp-block-buttons-is-layout-flex\">\n<div class=\"wp-block-button has-custom-width wp-block-button__width-100\"><a class=\"wp-block-button__link has-custom-color-1-color has-custom-1-e-1-a-31-background-color has-text-color has-background has-link-color has-border-color has-custom-1-e-1-a-31-border-color has-cormorant-font-family has-medium-font-size has-custom-font-size wp-element-button\" href=\"tel:+4945517475\">\ud83d\udcde Jetzt Zimmer buchen<\/a><\/div>\n<\/div>\n\n\n\n<div style=\"height:20px\" aria-hidden=\"true\" class=\"wp-block-spacer\"><\/div>\n\n\n\n<div class=\"wp-block-columns is-layout-flex wp-container-core-columns-is-layout-1a9244c7 wp-block-columns-is-layout-flex\">\n<div class=\"wp-block-column is-layout-flow wp-block-column-is-layout-flow\">\n<p class=\"has-custom-1-e-1-a-31-color has-text-color has-link-color has-medium-font-size wp-elements-d59619122e89a8e3f1b303cb0a373f38 wp-block-paragraph\">Ankommen. Abschalten. Wohlf\u00fchlen.<\/p>\n\n\n\n<p class=\"has-custom-1-e-1-a-31-color has-text-color has-link-color has-cormorant-font-family has-custom-1-font-size wp-elements-0470f540e67424ded22bc3383bd4efd1 wp-block-paragraph\">Unsere Zimmer sind mehr als nur ein Ort zum Schlafen \u2013 sie sind Ihr pers\u00f6nlicher R\u00fcckzugsraum in Bad Segeberg.<br>Warm, gem\u00fctlich und mit viel Liebe zum Detail eingerichtet, damit Sie sich vom ersten Moment an willkommen f\u00fchlen.<\/p>\n\n\n\n<p class=\"has-link-color has-cormorant-font-family has-custom-1-font-size wp-elements-f0b0e0d76a157aa29ab86f98adf71c67 wp-block-paragraph\">Ob Sie allein reisen, als Paar eine kleine Auszeit genie\u00dfen oder mit der Familie unterwegs sind \u2013 bei uns finden Sie den passenden Raum f\u00fcr erholsame Tage und ruhige N\u00e4chte.<\/p>\n<\/div>\n\n\n\n<div class=\"wp-block-column is-layout-flow wp-block-column-is-layout-flow\">\n<figure class=\"wp-block-image size-full is-resized\"><img data-recalc-dims=\"1\" decoding=\"async\" width=\"1024\" height=\"768\" src=\"https:\/\/i0.wp.com\/hotelrestaurantiris.de\/wp-content\/uploads\/2024\/09\/hotel2.jpeg?resize=1024%2C768&#038;ssl=1\" alt=\"\" class=\"wp-image-5745\" style=\"object-fit:contain;width:350px;height:350px\" srcset=\"https:\/\/i0.wp.com\/hotelrestaurantiris.de\/wp-content\/uploads\/2024\/09\/hotel2.jpeg?w=1024&amp;ssl=1 1024w, https:\/\/i0.wp.com\/hotelrestaurantiris.de\/wp-content\/uploads\/2024\/09\/hotel2.jpeg?resize=300%2C225&amp;ssl=1 300w, https:\/\/i0.wp.com\/hotelrestaurantiris.de\/wp-content\/uploads\/2024\/09\/hotel2.jpeg?resize=768%2C576&amp;ssl=1 768w\" sizes=\"(max-width: 1000px) 100vw, 1000px\" \/><\/figure>\n<\/div>\n<\/div>\n\n\n\n<div style=\"height:10px\" aria-hidden=\"true\" class=\"wp-block-spacer\"><\/div>\n\n\n\n<div class=\"wp-block-media-text is-stacked-on-mobile\"><figure class=\"wp-block-media-text__media\"><img data-recalc-dims=\"1\" decoding=\"async\" width=\"1024\" height=\"768\" src=\"https:\/\/i0.wp.com\/hotelrestaurantiris.de\/wp-content\/uploads\/2023\/12\/hotel1.jpeg?resize=1024%2C768&#038;ssl=1\" alt=\"\" class=\"wp-image-5737 size-full\" srcset=\"https:\/\/i0.wp.com\/hotelrestaurantiris.de\/wp-content\/uploads\/2023\/12\/hotel1.jpeg?w=1024&amp;ssl=1 1024w, https:\/\/i0.wp.com\/hotelrestaurantiris.de\/wp-content\/uploads\/2023\/12\/hotel1.jpeg?resize=300%2C225&amp;ssl=1 300w, https:\/\/i0.wp.com\/hotelrestaurantiris.de\/wp-content\/uploads\/2023\/12\/hotel1.jpeg?resize=768%2C576&amp;ssl=1 768w\" sizes=\"(max-width: 1000px) 100vw, 1000px\" \/><\/figure><div class=\"wp-block-media-text__content\">\n<p class=\"has-custom-1-e-1-a-31-color has-text-color has-link-color has-cormorant-font-family has-medium-font-size wp-elements-cf68957de0d50047bc67575378cade69 wp-block-paragraph\">Unsere Zimmer bieten Ihnen:<\/p>\n\n\n\n<p class=\"has-custom-1-e-1-a-31-color has-text-color has-link-color has-cormorant-font-family has-custom-1-font-size wp-elements-5067ccbaa4e051d8a36b0c3209a2b35f wp-block-paragraph\">\ud83d\udecf\ufe0f Bequeme Betten f\u00fcr erholsamen Schlaf<br>\ud83c\udf3f Eine ruhige, entspannte Atmosph\u00e4re<br>\ud83d\udcf6 Kostenloses WLAN<br>\ud83d\udcfa TV &amp; moderne Ausstattung<br>\ud83d\udebf Eigene, gepflegte Badezimmer<br>\u2600\ufe0f Ein liebevoll vorbereitetes Fr\u00fchst\u00fcck f\u00fcr einen guten Start in den Tag<\/p>\n<\/div><\/div>\n\n\n\n<p class=\"has-text-align-center has-cormorant-font-family has-custom-1-font-size wp-block-paragraph\">Unsere zentrale Lage in Bad Segeberg macht es Ihnen leicht, die Umgebung zu entdecken \u2013 und danach in wohltuender Ruhe zur\u00fcckzukehren.<\/p>\n\n\n\n<p class=\"has-text-align-center has-cormorant-font-family has-custom-1-font-size wp-block-paragraph\">Am sch\u00f6nsten beginnt Ihr Aufenthalt direkt bei uns:<\/p>\n\n\n\n<p class=\"has-text-align-center has-cormorant-font-family has-custom-1-font-size wp-block-paragraph\"><strong>Buchen Sie Ihr Zimmer direkt \u00fcber unsere Website und freuen Sie sich auf pers\u00f6nliche Betreuung von Anfang an.<\/strong><\/p>\n\n\n\n<p class=\"has-text-align-center has-cormorant-font-family has-custom-1-font-size wp-block-paragraph\">Wir freuen uns darauf, Sie bald bei uns willkommen zu hei\u00dfen.<\/p>\n\n\n\n<div class=\"wp-block-buttons is-layout-flex wp-block-buttons-is-layout-flex\">\n<div class=\"wp-block-button has-custom-width wp-block-button__width-100\"><a class=\"wp-block-button__link has-custom-color-1-color has-custom-1-e-1-a-31-background-color has-text-color has-background has-link-color has-border-color has-custom-1-e-1-a-31-border-color has-cormorant-font-family has-text-align-center has-custom-1-font-size has-custom-font-size wp-element-button\" href=\"tel:+4945517475\">\ud83d\udcde <strong>Ihr Zimmer wartet schon<\/strong><\/a><\/div>\n<\/div>\n\n\n\n<p class=\"wp-block-paragraph\"><\/p>\n","protected":false},"excerpt":{"rendered":"<p>Ihr Zuhause auf Zeit in Bad Segeberg Manchmal braucht es nur einen Ort, an dem man sich sofort willkommen f\u00fchlt.Ein gem\u00fctliches Zimmer. Ruhe nach einem langen Tag. Und das gute Gef\u00fchl, pers\u00f6nlich umsorgt zu werden. Genau das erwartet Sie bei uns im Hotel Restaurant Iris.Als familiengef\u00fchrtes Haus legen wir gro\u00dfen Wert auf Herzlichkeit, Komfort und [&hellip;]<\/p>\n","protected":false},"author":4,"featured_media":0,"parent":0,"menu_order":0,"comment_status":"closed","ping_status":"closed","template":"","meta":{"_crdt_document":"","advanced_seo_description":"","jetpack_seo_html_title":"","jetpack_seo_noindex":false,"footnotes":""},"class_list":["post-5979","page","type-page","status-publish","hentry"],"jetpack_shortlink":"https:\/\/wp.me\/Ph557Y-1yr","_links":{"self":[{"href":"https:\/\/hotelrestaurantiris.de\/index.php\/wp-json\/wp\/v2\/pages\/5979","targetHints":{"allow":["GET"]}}],"collection":[{"href":"https:\/\/hotelrestaurantiris.de\/index.php\/wp-json\/wp\/v2\/pages"}],"about":[{"href":"https:\/\/hotelrestaurantiris.de\/index.php\/wp-json\/wp\/v2\/types\/page"}],"author":[{"embeddable":true,"href":"https:\/\/hotelrestaurantiris.de\/index.php\/wp-json\/wp\/v2\/users\/4"}],"replies":[{"embeddable":true,"href":"https:\/\/hotelrestaurantiris.de\/index.php\/wp-json\/wp\/v2\/comments?post=5979"}],"version-history":[{"count":19,"href":"https:\/\/hotelrestaurantiris.de\/index.php\/wp-json\/wp\/v2\/pages\/5979\/revisions"}],"predecessor-version":[{"id":6105,"href":"https:\/\/hotelrestaurantiris.de\/index.php\/wp-json\/wp\/v2\/pages\/5979\/revisions\/6105"}],"wp:attachment":[{"href":"https:\/\/hotelrestaurantiris.de\/index.php\/wp-json\/wp\/v2\/media?parent=5979"}],"curies":[{"name":"wp","href":"https:\/\/api.w.org\/{rel}","templated":true}]}}