{"id":5938,"date":"2026-02-20T13:12:56","date_gmt":"2026-02-20T13:12:56","guid":{"rendered":"https:\/\/hotelrestaurantiris.de\/?page_id=5938"},"modified":"2026-03-03T15:01:05","modified_gmt":"2026-03-03T15:01:05","slug":"restaurant-2","status":"publish","type":"page","link":"https:\/\/hotelrestaurantiris.de\/index.php\/restaurant-2\/","title":{"rendered":"Restaurant"},"content":{"rendered":"\n<div style=\"height:50px\" aria-hidden=\"true\" class=\"wp-block-spacer\"><\/div>\n\n\n\n<figure class=\"wp-block-image alignwide size-full\"><img data-recalc-dims=\"1\" fetchpriority=\"high\" decoding=\"async\" width=\"1024\" height=\"810\" src=\"https:\/\/i0.wp.com\/hotelrestaurantiris.de\/wp-content\/uploads\/2024\/09\/food5.jpeg?resize=1024%2C810&#038;ssl=1\" alt=\"\" class=\"wp-image-5751\" srcset=\"https:\/\/i0.wp.com\/hotelrestaurantiris.de\/wp-content\/uploads\/2024\/09\/food5.jpeg?w=1024&amp;ssl=1 1024w, https:\/\/i0.wp.com\/hotelrestaurantiris.de\/wp-content\/uploads\/2024\/09\/food5.jpeg?resize=300%2C237&amp;ssl=1 300w, https:\/\/i0.wp.com\/hotelrestaurantiris.de\/wp-content\/uploads\/2024\/09\/food5.jpeg?resize=768%2C608&amp;ssl=1 768w\" sizes=\"(max-width: 1000px) 100vw, 1000px\" \/><\/figure>\n\n\n\n<h2 class=\"wp-block-heading has-text-align-center has-custom-1-e-1-a-31-color has-text-color has-link-color has-cormorant-font-family wp-elements-81cd244f15c24b3f5063be7b93e5a285\">Mediterraner Genuss. Momente, die bleiben.<\/h2>\n\n\n\n<p class=\"has-text-align-center has-custom-1-e-1-a-31-color has-text-color has-link-color has-cormorant-font-family has-custom-1-font-size wp-elements-d602977bedb0d6888abeb546ffbf73c1 wp-block-paragraph\">Manchmal beginnt ein besonderer Abend mit einem Duft.<br>Nach frischen Kr\u00e4utern. Nach gutem Wein. Nach etwas, das Vorfreude weckt.<\/p>\n\n\n\n<p class=\"has-text-align-center has-custom-1-e-1-a-31-color has-text-color has-link-color has-cormorant-font-family has-custom-1-font-size wp-elements-07b3376a38e4e5d74d6861da98eeb448 wp-block-paragraph\">Im Restaurant des&nbsp;<strong>Hotel Restaurant Iris<\/strong>&nbsp;in Bad Segeberg verbinden wir mediterrane K\u00fcche mit echter Herzlichkeit. Hier geht es nicht nur um gutes Essen \u2013 sondern um gemeinsame Zeit, um Gespr\u00e4che, um dieses warme Gef\u00fchl, am richtigen Ort zu sein.<\/p>\n\n\n\n<p class=\"has-text-align-center has-custom-1-e-1-a-31-color has-text-color has-link-color has-cormorant-font-family has-custom-1-font-size wp-elements-0be135504f1e8a64edcd6d071c58bdba wp-block-paragraph\">Frische Zutaten, mit Liebe zubereitet.<br>Aromen, die an Sonne und Meer erinnern.<br>Gerichte, die man gern teilt \u2013 oder ganz f\u00fcr sich genie\u00dft.<\/p>\n\n\n\n<p class=\"has-text-align-center has-custom-1-e-1-a-31-color has-text-color has-link-color has-cormorant-font-family has-custom-1-font-size wp-elements-d4d2e04a85a34b0046d0c0685bd4b386 wp-block-paragraph\">Ob romantisches Dinner, entspanntes Familienessen oder ein stilvolles Gesch\u00e4ftsessen \u2013 bei uns d\u00fcrfen Sie sich zur\u00fccklehnen und genie\u00dfen.<\/p>\n\n\n\n<p class=\"has-text-align-center has-custom-1-e-1-a-31-color has-text-color has-link-color has-cormorant-font-family has-custom-1-font-size wp-elements-4500e2099bd21dac93b61d7ecce97ab1 wp-block-paragraph\">Ein Glas Wein. Ein L\u00e4cheln. Ein Abend, der l\u00e4nger dauern darf.<\/p>\n\n\n\n<p class=\"has-text-align-center has-custom-1-e-1-a-31-color has-text-color has-link-color has-cormorant-font-family has-custom-1-font-size wp-elements-b05c304ce43422a3930d4f0d5aad24dc wp-block-paragraph\"><strong>Reservieren Sie Ihren Tisch und erleben Sie mediterrane Lebensfreude mitten in Bad Segeberg.<\/strong><\/p>\n\n\n\n<div class=\"wp-block-buttons is-layout-flex wp-block-buttons-is-layout-flex\">\n<div class=\"wp-block-button has-custom-width wp-block-button__width-100\"><a class=\"wp-block-button__link has-custom-color-1-color has-custom-1-e-1-a-31-background-color has-text-color has-background has-link-color has-border-color has-custom-1-e-1-a-31-border-color has-cormorant-font-family has-medium-font-size has-custom-font-size wp-element-button\" href=\"tel:+4945517475\">\ud83d\udcde &nbsp;Jetzt Tisch reservieren!<\/a><\/div>\n<\/div>\n\n\n\n<div style=\"height:20px\" aria-hidden=\"true\" class=\"wp-block-spacer\"><\/div>\n\n\n\n<div class=\"wp-block-columns is-layout-flex wp-container-core-columns-is-layout-1a9244c7 wp-block-columns-is-layout-flex\">\n<div class=\"wp-block-column is-layout-flow wp-block-column-is-layout-flow\">\n<p class=\"wp-block-paragraph\"><\/p>\n\n\n\n<p class=\"has-custom-1-e-1-a-31-color has-text-color has-link-color has-cormorant-font-family has-custom-1-font-size wp-elements-6c8b9ab17ab1f69b3a2feb6e5d5f9e4a wp-block-paragraph\">Neugierig geworden?<br>Unsere Speisekarte steckt voller mediterraner Aromen, frischer Zutaten und liebevoll zubereiteter Lieblingsgerichte.<\/p>\n\n\n\n<p class=\"has-link-color has-cormorant-font-family has-custom-1-font-size wp-elements-da9d84c45f5d661aebe189d656ba0133 wp-block-paragraph\">Ob leichte Vorspeise, aromatische Pasta oder ein gutes Glas Wein \u2013 in unserer Speisekarte finden Sie alles, was einen genussvollen Abend ausmacht.<\/p>\n\n\n\n<p class=\"has-custom-1-e-1-a-31-color has-text-color has-link-color has-cormorant-font-family has-custom-1-font-size wp-elements-9173e48f6f2f25c379d5757b557fe097 wp-block-paragraph\">Hungrig auf mehr?<br>Ein Blick in unsere Speisekarte lohnt sich \u2013 mediterran, frisch und mit viel Liebe zum Detail zusammengestellt.<\/p>\n\n\n\n<p class=\"has-custom-1-e-1-a-31-color has-text-color has-link-color has-cormorant-font-family has-custom-1-font-size wp-elements-b3cba43942a3d244cfbfb2e25acc2836 wp-block-paragraph\">Klicken, st\u00f6bern, Appetit bekommen.<\/p>\n\n\n\n<p class=\"has-custom-1-e-1-a-31-color has-text-color has-link-color has-cormorant-font-family has-custom-1-font-size wp-elements-9548f970e511a64e132b3c0122f2b086 wp-block-paragraph\"><strong>Hier geht\u2019s zur Speisekarte.<\/strong><\/p>\n\n\n\n<div class=\"wp-block-buttons is-layout-flex wp-block-buttons-is-layout-flex\">\n<div class=\"wp-block-button has-custom-width wp-block-button__width-100\"><a class=\"wp-block-button__link has-custom-color-1-color has-custom-1-e-1-a-31-background-color has-text-color has-background has-link-color has-border-color has-custom-1-e-1-a-31-border-color has-cormorant-font-family has-custom-1-font-size has-custom-font-size wp-element-button\" href=\"https:\/\/hotelrestaurantiris.de\/index.php\/speisekarte\/\">Speisekarte ansehen<\/a><\/div>\n<\/div>\n<\/div>\n\n\n\n<div class=\"wp-block-column is-layout-flow wp-block-column-is-layout-flow\">\n<figure class=\"wp-block-image size-large is-resized\"><img data-recalc-dims=\"1\" decoding=\"async\" width=\"715\" height=\"1024\" src=\"https:\/\/i0.wp.com\/hotelrestaurantiris.de\/wp-content\/uploads\/2026\/02\/Bildschirmfoto-2026-02-20-um-14.17.29.png?resize=715%2C1024&#038;ssl=1\" alt=\"\" class=\"wp-image-5950\" style=\"aspect-ratio:0.6982543640897756;width:362px;height:auto\" srcset=\"https:\/\/i0.wp.com\/hotelrestaurantiris.de\/wp-content\/uploads\/2026\/02\/Bildschirmfoto-2026-02-20-um-14.17.29.png?resize=715%2C1024&amp;ssl=1 715w, https:\/\/i0.wp.com\/hotelrestaurantiris.de\/wp-content\/uploads\/2026\/02\/Bildschirmfoto-2026-02-20-um-14.17.29.png?resize=209%2C300&amp;ssl=1 209w, https:\/\/i0.wp.com\/hotelrestaurantiris.de\/wp-content\/uploads\/2026\/02\/Bildschirmfoto-2026-02-20-um-14.17.29.png?resize=768%2C1101&amp;ssl=1 768w, https:\/\/i0.wp.com\/hotelrestaurantiris.de\/wp-content\/uploads\/2026\/02\/Bildschirmfoto-2026-02-20-um-14.17.29.png?w=1046&amp;ssl=1 1046w\" sizes=\"(max-width: 715px) 100vw, 715px\" \/><\/figure>\n<\/div>\n<\/div>\n\n\n\n<p class=\"wp-block-paragraph\"><\/p>\n","protected":false},"excerpt":{"rendered":"<p>Mediterraner Genuss. Momente, die bleiben. Manchmal beginnt ein besonderer Abend mit einem Duft.Nach frischen Kr\u00e4utern. Nach gutem Wein. Nach etwas, das Vorfreude weckt. Im Restaurant des&nbsp;Hotel Restaurant Iris&nbsp;in Bad Segeberg verbinden wir mediterrane K\u00fcche mit echter Herzlichkeit. Hier geht es nicht nur um gutes Essen \u2013 sondern um gemeinsame Zeit, um Gespr\u00e4che, um dieses warme [&hellip;]<\/p>\n","protected":false},"author":4,"featured_media":0,"parent":0,"menu_order":0,"comment_status":"closed","ping_status":"closed","template":"","meta":{"_crdt_document":"","advanced_seo_description":"","jetpack_seo_html_title":"","jetpack_seo_noindex":false,"footnotes":""},"class_list":["post-5938","page","type-page","status-publish","hentry"],"jetpack_shortlink":"https:\/\/wp.me\/Ph557Y-1xM","_links":{"self":[{"href":"https:\/\/hotelrestaurantiris.de\/index.php\/wp-json\/wp\/v2\/pages\/5938","targetHints":{"allow":["GET"]}}],"collection":[{"href":"https:\/\/hotelrestaurantiris.de\/index.php\/wp-json\/wp\/v2\/pages"}],"about":[{"href":"https:\/\/hotelrestaurantiris.de\/index.php\/wp-json\/wp\/v2\/types\/page"}],"author":[{"embeddable":true,"href":"https:\/\/hotelrestaurantiris.de\/index.php\/wp-json\/wp\/v2\/users\/4"}],"replies":[{"embeddable":true,"href":"https:\/\/hotelrestaurantiris.de\/index.php\/wp-json\/wp\/v2\/comments?post=5938"}],"version-history":[{"count":11,"href":"https:\/\/hotelrestaurantiris.de\/index.php\/wp-json\/wp\/v2\/pages\/5938\/revisions"}],"predecessor-version":[{"id":6103,"href":"https:\/\/hotelrestaurantiris.de\/index.php\/wp-json\/wp\/v2\/pages\/5938\/revisions\/6103"}],"wp:attachment":[{"href":"https:\/\/hotelrestaurantiris.de\/index.php\/wp-json\/wp\/v2\/media?parent=5938"}],"curies":[{"name":"wp","href":"https:\/\/api.w.org\/{rel}","templated":true}]}}