{"id":5909,"date":"2026-02-20T13:04:59","date_gmt":"2026-02-20T13:04:59","guid":{"rendered":"https:\/\/hotelrestaurantiris.de\/?page_id=5909"},"modified":"2026-03-03T14:58:16","modified_gmt":"2026-03-03T14:58:16","slug":"herzlich-willkommen-im-hotel-restaurant-iris","status":"publish","type":"page","link":"https:\/\/hotelrestaurantiris.de\/","title":{"rendered":"Herzlich Willkommen im Hotel Restaurant Iris"},"content":{"rendered":"\n<div style=\"height:50px\" aria-hidden=\"true\" class=\"wp-block-spacer\"><\/div>\n\n\n\n<div class=\"wp-block-media-text alignwide is-stacked-on-mobile is-image-fill-element\"><figure class=\"wp-block-media-text__media\"><img data-recalc-dims=\"1\" fetchpriority=\"high\" decoding=\"async\" width=\"1024\" height=\"684\" src=\"https:\/\/i0.wp.com\/hotelrestaurantiris.de\/wp-content\/uploads\/2026\/02\/ms190725_664-bearbeitet.jpg?resize=1024%2C684&#038;ssl=1\" alt=\"\" class=\"wp-image-5917 size-full\" style=\"object-position:50% 50%\" srcset=\"https:\/\/i0.wp.com\/hotelrestaurantiris.de\/wp-content\/uploads\/2026\/02\/ms190725_664-bearbeitet.jpg?resize=1024%2C684&amp;ssl=1 1024w, https:\/\/i0.wp.com\/hotelrestaurantiris.de\/wp-content\/uploads\/2026\/02\/ms190725_664-bearbeitet.jpg?resize=300%2C200&amp;ssl=1 300w, https:\/\/i0.wp.com\/hotelrestaurantiris.de\/wp-content\/uploads\/2026\/02\/ms190725_664-bearbeitet.jpg?resize=768%2C513&amp;ssl=1 768w, https:\/\/i0.wp.com\/hotelrestaurantiris.de\/wp-content\/uploads\/2026\/02\/ms190725_664-bearbeitet.jpg?resize=1536%2C1025&amp;ssl=1 1536w, https:\/\/i0.wp.com\/hotelrestaurantiris.de\/wp-content\/uploads\/2026\/02\/ms190725_664-bearbeitet.jpg?resize=2048%2C1367&amp;ssl=1 2048w, https:\/\/i0.wp.com\/hotelrestaurantiris.de\/wp-content\/uploads\/2026\/02\/ms190725_664-bearbeitet.jpg?w=3000&amp;ssl=1 3000w\" sizes=\"(max-width: 1000px) 100vw, 1000px\" \/><\/figure><div class=\"wp-block-media-text__content\">\n<h2 class=\"wp-block-heading has-custom-1-e-1-a-31-color has-text-color has-link-color has-cormorant-font-family wp-elements-4d6425f4c49d3c9d5db959a2e8dcb143\"><strong>Ihr Zuhause in  <strong>Bad Segeberg<\/strong> <\/strong><\/h2>\n\n\n\n<p class=\"has-custom-1-e-1-a-31-color has-text-color has-link-color has-cormorant-font-family has-custom-1-font-size wp-elements-3fc5782d0394f8f94243b9e4b047fef0 wp-block-paragraph\"><strong>Ein Ort zum Ankommen, Wohlf\u00fchlen und Genie\u00dfen \u2013 in Bad Segeberg<\/strong><\/p>\n\n\n\n<p class=\"has-link-color has-cormorant-font-family has-custom-1-font-size wp-elements-b58780d1488520520bf34b5566720f0f wp-block-paragraph\">Manchmal braucht es nur einen Moment, um sich willkommen zu f\u00fchlen.<br>Ein herzliches L\u00e4cheln. Der Duft aus unserer K\u00fcche. Ein Zimmer, das Ruhe verspricht.<\/p>\n\n\n\n<p class=\"has-link-color has-cormorant-font-family has-custom-1-font-size wp-elements-81f08a0b4693dc6e9d845ac2d67531e2 wp-block-paragraph\">Als familiengef\u00fchrtes Traditionshaus im Herzen von Bad Segeberg verbinden wir pers\u00f6nliche Gastfreundschaft mit mediterraner Lebensfreude. Ob Sie eine kleine Auszeit planen, Zeit mit der Familie genie\u00dfen m\u00f6chten oder gesch\u00e4ftlich unterwegs sind \u2013 bei uns d\u00fcrfen Sie ankommen und einfach sein.<\/p>\n\n\n\n<p class=\"has-link-color has-cormorant-font-family has-custom-1-font-size wp-elements-b6e6a96681e24ebd165260d7fe14609b wp-block-paragraph\">\ud83d\udecf\ufe0f Gem\u00fctliche Zimmer mit Wohlf\u00fchlatmosph\u00e4re<br>\ud83c\udf77 Mediterrane K\u00fcche mit frischen Zutaten und viel Liebe zubereitet<br>\ud83c\udf3f Zentrale Lage in Schleswig-Holstein \u2013 ideal zum Entdecken und Entspannen <\/p>\n\n\n\n<p class=\"has-link-color has-cormorant-font-family has-custom-1-font-size wp-elements-d03ff1b9a899b2c3091db011aed02d8a wp-block-paragraph\">\ud83c\udf7a Biergarten in ruhiger, gr\u00fcner Lage<\/p>\n\n\n\n<p class=\"wp-block-paragraph\"><\/p>\n\n\n\n<p class=\"wp-block-paragraph\"><\/p>\n\n\n\n<p class=\"has-link-color has-cormorant-font-family has-custom-1-font-size wp-elements-0fb473dbe93290481e54a887d2219d72 wp-block-paragraph\">Wir freuen uns darauf, Sie bei uns willkommen zu hei\u00dfen.<\/p>\n\n\n\n<p class=\"has-custom-1-e-1-a-31-color has-text-color has-link-color has-cormorant-font-family has-custom-1-font-size wp-elements-d361d79a8303d1474a82bef102614a68 wp-block-paragraph\"><strong>Jetzt Aufenthalt planen und Ihr Zimmer sichern.<\/strong><br>Oder reservieren Sie Ihren Tisch f\u00fcr einen genussvollen Abend in unserem Restaurant. Reservierungen oder Anfragen nehmen wir nur per Telefon entgegen: \ud83d\udcde <a href=\"tel:+4945517475\">045517475<\/a><\/p>\n<\/div><\/div>\n\n\n\n<hr class=\"wp-block-separator has-alpha-channel-opacity is-style-wide\"\/>\n\n\n\n<div class=\"wp-block-columns is-layout-flex wp-container-core-columns-is-layout-1a9244c7 wp-block-columns-is-layout-flex\">\n<div class=\"wp-block-column is-vertically-aligned-center is-layout-flow wp-block-column-is-layout-flow\">\n<div class=\"wp-block-cover has-cormorant-font-family has-large-font-size\"><img data-recalc-dims=\"1\" decoding=\"async\" width=\"1024\" height=\"684\" class=\"wp-block-cover__image-background wp-image-5917\" alt=\"\" src=\"https:\/\/i0.wp.com\/hotelrestaurantiris.de\/wp-content\/uploads\/2026\/02\/ms190725_664-bearbeitet.jpg?resize=1024%2C684&#038;ssl=1\" data-object-fit=\"cover\" srcset=\"https:\/\/i0.wp.com\/hotelrestaurantiris.de\/wp-content\/uploads\/2026\/02\/ms190725_664-bearbeitet.jpg?resize=1024%2C684&amp;ssl=1 1024w, https:\/\/i0.wp.com\/hotelrestaurantiris.de\/wp-content\/uploads\/2026\/02\/ms190725_664-bearbeitet.jpg?resize=300%2C200&amp;ssl=1 300w, https:\/\/i0.wp.com\/hotelrestaurantiris.de\/wp-content\/uploads\/2026\/02\/ms190725_664-bearbeitet.jpg?resize=768%2C513&amp;ssl=1 768w, https:\/\/i0.wp.com\/hotelrestaurantiris.de\/wp-content\/uploads\/2026\/02\/ms190725_664-bearbeitet.jpg?resize=1536%2C1025&amp;ssl=1 1536w, https:\/\/i0.wp.com\/hotelrestaurantiris.de\/wp-content\/uploads\/2026\/02\/ms190725_664-bearbeitet.jpg?resize=2048%2C1367&amp;ssl=1 2048w, https:\/\/i0.wp.com\/hotelrestaurantiris.de\/wp-content\/uploads\/2026\/02\/ms190725_664-bearbeitet.jpg?w=3000&amp;ssl=1 3000w\" sizes=\"(max-width: 1000px) 100vw, 1000px\" \/><span aria-hidden=\"true\" class=\"wp-block-cover__background has-background-dim\"><\/span><div class=\"wp-block-cover__inner-container is-layout-flow wp-block-cover-is-layout-flow\">\n<p class=\"has-text-align-center has-background-color has-text-color has-link-color has-cormorant-font-family has-large-font-size wp-elements-839ced46fb7966d1779902c52b72f5f4 wp-block-paragraph\"><a href=\"https:\/\/hotelrestaurantiris.de\/index.php\/ueber-uns\/\" data-type=\"page\" data-id=\"6035\">\u00dcber Uns<\/a><\/p>\n<\/div><\/div>\n<\/div>\n\n\n\n<div class=\"wp-block-column is-layout-flow wp-block-column-is-layout-flow\">\n<div class=\"wp-block-cover has-background-color has-text-color has-link-color has-cormorant-font-family has-large-font-size wp-elements-b34b81b2c790c8366dd419b29f16321c\"><img data-recalc-dims=\"1\" decoding=\"async\" width=\"1024\" height=\"768\" class=\"wp-block-cover__image-background wp-image-5743\" alt=\"\" src=\"https:\/\/i0.wp.com\/hotelrestaurantiris.de\/wp-content\/uploads\/2024\/09\/hotel4.jpeg?resize=1024%2C768&#038;ssl=1\" data-object-fit=\"cover\" srcset=\"https:\/\/i0.wp.com\/hotelrestaurantiris.de\/wp-content\/uploads\/2024\/09\/hotel4.jpeg?w=1024&amp;ssl=1 1024w, https:\/\/i0.wp.com\/hotelrestaurantiris.de\/wp-content\/uploads\/2024\/09\/hotel4.jpeg?resize=300%2C225&amp;ssl=1 300w, https:\/\/i0.wp.com\/hotelrestaurantiris.de\/wp-content\/uploads\/2024\/09\/hotel4.jpeg?resize=768%2C576&amp;ssl=1 768w\" sizes=\"(max-width: 1000px) 100vw, 1000px\" \/><span aria-hidden=\"true\" class=\"wp-block-cover__background has-background-dim\"><\/span><div class=\"wp-block-cover__inner-container is-layout-flow wp-block-cover-is-layout-flow\">\n<p class=\"has-text-align-center has-background-color has-text-color has-link-color has-cormorant-font-family has-large-font-size wp-elements-825d5f41a1da5845f5b46e36f2792c38 wp-block-paragraph\"><a href=\"https:\/\/hotelrestaurantiris.de\/index.php\/hotel-2\/\" data-type=\"page\" data-id=\"5979\">Unsere Zimmer<\/a><\/p>\n<\/div><\/div>\n<\/div>\n<\/div>\n\n\n\n<div class=\"wp-block-columns is-layout-flex wp-container-core-columns-is-layout-1a9244c7 wp-block-columns-is-layout-flex\">\n<div class=\"wp-block-column is-layout-flow wp-block-column-is-layout-flow\">\n<div class=\"wp-block-cover has-cormorant-font-family has-large-font-size\"><img data-recalc-dims=\"1\" loading=\"lazy\" decoding=\"async\" width=\"940\" height=\"788\" class=\"wp-block-cover__image-background wp-image-5775 size-full\" alt=\"\" src=\"https:\/\/i0.wp.com\/hotelrestaurantiris.de\/wp-content\/uploads\/2024\/09\/weiswein.png?resize=940%2C788&#038;ssl=1\" style=\"object-position:54% 74%\" data-object-fit=\"cover\" data-object-position=\"54% 74%\" srcset=\"https:\/\/i0.wp.com\/hotelrestaurantiris.de\/wp-content\/uploads\/2024\/09\/weiswein.png?w=940&amp;ssl=1 940w, https:\/\/i0.wp.com\/hotelrestaurantiris.de\/wp-content\/uploads\/2024\/09\/weiswein.png?resize=300%2C251&amp;ssl=1 300w, https:\/\/i0.wp.com\/hotelrestaurantiris.de\/wp-content\/uploads\/2024\/09\/weiswein.png?resize=768%2C644&amp;ssl=1 768w\" sizes=\"(max-width: 940px) 100vw, 940px\" \/><span aria-hidden=\"true\" class=\"wp-block-cover__background has-background-dim\"><\/span><div class=\"wp-block-cover__inner-container is-layout-flow wp-block-cover-is-layout-flow\">\n<p class=\"has-text-align-center has-background-color has-text-color has-link-color has-cormorant-font-family has-large-font-size wp-elements-b4f877b9c6fae36d9eee4f59e15b906e wp-block-paragraph\"><a href=\"https:\/\/hotelrestaurantiris.de\/index.php\/getraenke\/\" data-type=\"page\" data-id=\"6009\">Unsere Getr\u00e4nke<\/a><\/p>\n<\/div><\/div>\n<\/div>\n\n\n\n<div class=\"wp-block-column is-layout-flow wp-block-column-is-layout-flow\">\n<div class=\"wp-block-cover has-cormorant-font-family has-large-font-size\"><img data-recalc-dims=\"1\" loading=\"lazy\" decoding=\"async\" width=\"1024\" height=\"768\" class=\"wp-block-cover__image-background wp-image-5763\" alt=\"\" src=\"https:\/\/i0.wp.com\/hotelrestaurantiris.de\/wp-content\/uploads\/2024\/09\/pasta.jpg?resize=1024%2C768&#038;ssl=1\" data-object-fit=\"cover\" srcset=\"https:\/\/i0.wp.com\/hotelrestaurantiris.de\/wp-content\/uploads\/2024\/09\/pasta.jpg?resize=1024%2C768&amp;ssl=1 1024w, https:\/\/i0.wp.com\/hotelrestaurantiris.de\/wp-content\/uploads\/2024\/09\/pasta.jpg?resize=300%2C225&amp;ssl=1 300w, https:\/\/i0.wp.com\/hotelrestaurantiris.de\/wp-content\/uploads\/2024\/09\/pasta.jpg?resize=768%2C576&amp;ssl=1 768w, https:\/\/i0.wp.com\/hotelrestaurantiris.de\/wp-content\/uploads\/2024\/09\/pasta.jpg?w=1500&amp;ssl=1 1500w\" sizes=\"(max-width: 1000px) 100vw, 1000px\" \/><span aria-hidden=\"true\" class=\"wp-block-cover__background has-background-dim\"><\/span><div class=\"wp-block-cover__inner-container is-layout-flow wp-block-cover-is-layout-flow\">\n<p class=\"has-text-align-center has-background-color has-text-color has-link-color has-cormorant-font-family has-large-font-size wp-elements-8350e8cf8294ad38efca811f8aa5a53b wp-block-paragraph\"><a href=\"https:\/\/hotelrestaurantiris.de\/index.php\/restaurant-2\/\" data-type=\"page\" data-id=\"5938\">Unsere Speisen<\/a><\/p>\n<\/div><\/div>\n<\/div>\n<\/div>\n\n\n\n<hr class=\"wp-block-separator has-alpha-channel-opacity is-style-wide\"\/>\n\n\n\n<div class=\"wp-block-media-text alignwide has-media-on-the-right is-stacked-on-mobile is-image-fill-element\"><div class=\"wp-block-media-text__content\">\n<h2 class=\"wp-block-heading has-custom-1-e-1-a-31-color has-text-color has-link-color has-cormorant-font-family wp-elements-ca26503fd4cb86ffb9d41cb427990e8d\"><strong>Restaurant<\/strong><\/h2>\n\n\n\n<p class=\"has-custom-1-e-1-a-31-color has-text-color has-link-color has-cormorant-font-family has-custom-1-font-size wp-elements-2cfffd1e08715dc944c97a7d8f8a946d wp-block-paragraph\">Mediterraner Genuss mitten in Bad Segeberg.<\/p>\n\n\n\n<p class=\"has-link-color has-cormorant-font-family has-custom-1-font-size wp-elements-16ea187a81f8bbb3197385dcd8984f3e wp-block-paragraph\">Frische Zutaten, aromatische Kr\u00e4uter, gute Gespr\u00e4che und ein Glas Wein in entspannter Atmosph\u00e4re \u2013 unser Restaurant ist Treffpunkt f\u00fcr Genie\u00dfer.<\/p>\n\n\n\n<p class=\"has-link-color has-cormorant-font-family has-custom-1-font-size wp-elements-8d1793e60efa0bdff024a942c8fdfeb0 wp-block-paragraph\">Ob romantischer Abend, Familienessen oder Gesch\u00e4ftsessen:<br>Hier schmeckt man Leidenschaft.<\/p>\n\n\n\n<p class=\"has-custom-1-e-1-a-31-color has-text-color has-link-color has-cormorant-font-family has-custom-1-font-size wp-elements-b3c32c3a580b9a6aec1869b1883e5b7f wp-block-paragraph\">\ud83d\udc49\u00a0<strong><a href=\"https:\/\/hotelrestaurantiris.de\/index.php\/restaurant-2\/\" data-type=\"page\" data-id=\"5938\">Unser Restaurant entdecken<\/a><\/strong><br>\ud83d\udcde\u00a0<strong><a href=\"tel:004945517475\">Jetzt Tisch reservieren<\/a><\/strong><\/p>\n\n\n\n<div class=\"wp-block-buttons is-layout-flex wp-block-buttons-is-layout-flex\">\n<div class=\"wp-block-button has-custom-width wp-block-button__width-100\"><a class=\"wp-block-button__link has-custom-color-1-color has-custom-1-e-1-a-31-background-color has-text-color has-background has-link-color has-border-color has-custom-1-e-1-a-31-border-color has-cormorant-font-family has-x-small-font-size has-custom-font-size wp-element-button\" href=\"https:\/\/hotelrestaurantiris.de\/index.php\/speisekarte\/\"><strong>Speisekarte ansehen<\/strong><\/a><\/div>\n<\/div>\n<\/div><figure class=\"wp-block-media-text__media\"><img data-recalc-dims=\"1\" loading=\"lazy\" decoding=\"async\" width=\"1024\" height=\"810\" src=\"https:\/\/i0.wp.com\/hotelrestaurantiris.de\/wp-content\/uploads\/2024\/09\/food5.jpeg?resize=1024%2C810&#038;ssl=1\" alt=\"\" class=\"wp-image-5751 size-full\" style=\"object-position:50% 50%\" srcset=\"https:\/\/i0.wp.com\/hotelrestaurantiris.de\/wp-content\/uploads\/2024\/09\/food5.jpeg?w=1024&amp;ssl=1 1024w, https:\/\/i0.wp.com\/hotelrestaurantiris.de\/wp-content\/uploads\/2024\/09\/food5.jpeg?resize=300%2C237&amp;ssl=1 300w, https:\/\/i0.wp.com\/hotelrestaurantiris.de\/wp-content\/uploads\/2024\/09\/food5.jpeg?resize=768%2C608&amp;ssl=1 768w\" sizes=\"(max-width: 1000px) 100vw, 1000px\" \/><\/figure><\/div>\n\n\n\n<div style=\"height:20px\" aria-hidden=\"true\" class=\"wp-block-spacer\"><\/div>\n\n\n\n<div class=\"wp-block-media-text alignwide is-stacked-on-mobile is-image-fill-element\"><figure class=\"wp-block-media-text__media\"><img data-recalc-dims=\"1\" loading=\"lazy\" decoding=\"async\" width=\"1024\" height=\"768\" src=\"https:\/\/i0.wp.com\/hotelrestaurantiris.de\/wp-content\/uploads\/2024\/09\/hotel4.jpeg?resize=1024%2C768&#038;ssl=1\" alt=\"\" class=\"wp-image-5743 size-full\" style=\"object-position:50% 50%\" srcset=\"https:\/\/i0.wp.com\/hotelrestaurantiris.de\/wp-content\/uploads\/2024\/09\/hotel4.jpeg?w=1024&amp;ssl=1 1024w, https:\/\/i0.wp.com\/hotelrestaurantiris.de\/wp-content\/uploads\/2024\/09\/hotel4.jpeg?resize=300%2C225&amp;ssl=1 300w, https:\/\/i0.wp.com\/hotelrestaurantiris.de\/wp-content\/uploads\/2024\/09\/hotel4.jpeg?resize=768%2C576&amp;ssl=1 768w\" sizes=\"(max-width: 1000px) 100vw, 1000px\" \/><\/figure><div class=\"wp-block-media-text__content\">\n<h2 class=\"wp-block-heading has-custom-1-e-1-a-31-color has-text-color has-link-color has-cormorant-font-family wp-elements-6ff25469e58cd95530b5d07750107dac\"><strong>Unsere Zimmer<\/strong><\/h2>\n\n\n\n<p class=\"has-custom-1-e-1-a-31-color has-text-color has-link-color has-cormorant-font-family has-custom-1-font-size wp-elements-dfa2b50a9556ccdab62850f7db914dfc wp-block-paragraph\">Erholsam schlafen. Entspannt aufwachen.<\/p>\n\n\n\n<p class=\"has-link-color has-cormorant-font-family has-custom-1-font-size wp-elements-5774c07af7d3a3e06939c70dd5891723 wp-block-paragraph\">Unsere gem\u00fctlichen Zimmer bieten Ruhe, Komfort und eine Atmosph\u00e4re, in der man gern bleibt.<br>Modern ausgestattet, pers\u00f6nlich betreut \u2013 und morgens erwartet Sie ein liebevoll vorbereitetes Fr\u00fchst\u00fcck.<\/p>\n\n\n\n<p class=\"has-custom-1-e-1-a-31-color has-text-color has-link-color has-cormorant-font-family has-custom-1-font-size wp-elements-7cf499c270480e7ded55dfe0b36055f4 wp-block-paragraph\">\ud83d\udc49&nbsp;<strong><a href=\"https:\/\/hotelrestaurantiris.de\/index.php\/hotel-2\/\" data-type=\"page\" data-id=\"5979\">Mehr \u00fcber unsere Zimmer erfahren<\/a><\/strong><\/p>\n\n\n\n<div class=\"wp-block-buttons is-layout-flex wp-block-buttons-is-layout-flex\">\n<div class=\"wp-block-button has-custom-width wp-block-button__width-100\"><a class=\"wp-block-button__link has-custom-color-1-color has-custom-1-e-1-a-31-background-color has-text-color has-background has-link-color has-border-color has-custom-1-e-1-a-31-border-color has-cormorant-font-family has-x-small-font-size has-custom-font-size wp-element-button\" href=\"tel:+4945517475\"><strong>Jetzt Reservieren<\/strong><\/a><\/div>\n<\/div>\n<\/div><\/div>\n\n\n\n<hr class=\"wp-block-separator has-alpha-channel-opacity is-style-wide\"\/>\n\n\n\n<h3 class=\"wp-block-heading has-text-align-center has-custom-1-e-1-a-31-color has-text-color has-link-color has-cormorant-font-family wp-elements-4b30621f5501fffa575acfc3143255c7\">Was das Hotel Restaurant Iris besonders macht<\/h3>\n\n\n\n<div class=\"wp-block-media-text alignwide has-media-on-the-right is-stacked-on-mobile\"><div class=\"wp-block-media-text__content\">\n<p class=\"has-custom-1-e-1-a-31-color has-text-color has-link-color has-custom-1-font-size wp-elements-298eea81256f41ad6584ffe703a476bd wp-block-paragraph\">\u2713 Familiengef\u00fchrt mit pers\u00f6nlichem Service<br>\u2713 Traditionshaus mit neuer Ausrichtung<br>\u2713 Zentrale Lage in Bad Segeberg<br>\u2713 Mediterrane K\u00fcche mit Herz<br>\u2713 F\u00fcr Urlauber, Paare, Familien &amp; Gesch\u00e4ftsreisende<\/p>\n\n\n\n<p class=\"has-custom-1-e-1-a-31-color has-text-color has-link-color has-custom-1-font-size wp-elements-9f627d00108ed58887135406e1877288 wp-block-paragraph\">Manchmal sind es die kleinen Dinge, die einen Aufenthalt besonders machen:<br>Ein freundlicher Empfang. Ein gutes Essen. Ein ruhiger Schlaf.<\/p>\n\n\n\n<p class=\"has-custom-1-e-1-a-31-color has-text-color has-link-color has-custom-1-font-size wp-elements-0cc6e3a005a40bcdb4177415dd5df49f wp-block-paragraph\">Wir freuen uns darauf, Sie bei uns willkommen zu hei\u00dfen.<\/p>\n\n\n\n<p class=\"has-custom-1-e-1-a-31-color has-text-color has-link-color has-custom-1-font-size wp-elements-ce418ac7ecc726e7a67d3cda1508977f wp-block-paragraph\"><strong>Planen Sie jetzt Ihre Auszeit im Hotel Restaurant Iris.<\/strong><br>Buchen Sie direkt Ihr Zimmer oder reservieren Sie Ihren Tisch \u2013 wir k\u00fcmmern uns um den Rest.<\/p>\n<\/div><figure class=\"wp-block-media-text__media\"><\/figure><\/div>\n\n\n\n<div class=\"wp-block-buttons is-content-justification-center is-layout-flex wp-container-core-buttons-is-layout-77b97fe5 wp-block-buttons-is-layout-flex\">\n<div class=\"wp-block-button has-custom-width wp-block-button__width-75\"><a class=\"wp-block-button__link has-custom-color-1-color has-custom-1-e-1-a-31-background-color has-text-color has-background has-link-color has-border-color has-custom-1-e-1-a-31-border-color has-cormorant-font-family wp-element-button\" href=\"tel:+4945517475\">\ud83d\udcde <strong>Jetzt Anfragen<\/strong><\/a><\/div>\n<\/div>\n\n\n\n<p class=\"wp-block-paragraph\"><\/p>\n","protected":false},"excerpt":{"rendered":"<p>Ihr Zuhause in Bad Segeberg Ein Ort zum Ankommen, Wohlf\u00fchlen und Genie\u00dfen \u2013 in Bad Segeberg Manchmal braucht es nur einen Moment, um sich willkommen zu f\u00fchlen.Ein herzliches L\u00e4cheln. Der Duft aus unserer K\u00fcche. Ein Zimmer, das Ruhe verspricht. Als familiengef\u00fchrtes Traditionshaus im Herzen von Bad Segeberg verbinden wir pers\u00f6nliche Gastfreundschaft mit mediterraner Lebensfreude. Ob [&hellip;]<\/p>\n","protected":false},"author":4,"featured_media":0,"parent":0,"menu_order":0,"comment_status":"closed","ping_status":"closed","template":"","meta":{"_crdt_document":"","advanced_seo_description":"","jetpack_seo_html_title":"","jetpack_seo_noindex":false,"footnotes":""},"class_list":["post-5909","page","type-page","status-publish","hentry"],"jetpack_shortlink":"https:\/\/wp.me\/Ph557Y-1xj","_links":{"self":[{"href":"https:\/\/hotelrestaurantiris.de\/index.php\/wp-json\/wp\/v2\/pages\/5909","targetHints":{"allow":["GET"]}}],"collection":[{"href":"https:\/\/hotelrestaurantiris.de\/index.php\/wp-json\/wp\/v2\/pages"}],"about":[{"href":"https:\/\/hotelrestaurantiris.de\/index.php\/wp-json\/wp\/v2\/types\/page"}],"author":[{"embeddable":true,"href":"https:\/\/hotelrestaurantiris.de\/index.php\/wp-json\/wp\/v2\/users\/4"}],"replies":[{"embeddable":true,"href":"https:\/\/hotelrestaurantiris.de\/index.php\/wp-json\/wp\/v2\/comments?post=5909"}],"version-history":[{"count":37,"href":"https:\/\/hotelrestaurantiris.de\/index.php\/wp-json\/wp\/v2\/pages\/5909\/revisions"}],"predecessor-version":[{"id":6100,"href":"https:\/\/hotelrestaurantiris.de\/index.php\/wp-json\/wp\/v2\/pages\/5909\/revisions\/6100"}],"wp:attachment":[{"href":"https:\/\/hotelrestaurantiris.de\/index.php\/wp-json\/wp\/v2\/media?parent=5909"}],"curies":[{"name":"wp","href":"https:\/\/api.w.org\/{rel}","templated":true}]}}